{"id":180,"date":"2024-09-23T00:34:24","date_gmt":"2024-09-23T00:34:24","guid":{"rendered":"https:\/\/conversamarketing.com.br\/forbim\/?page_id=180"},"modified":"2024-09-27T17:18:05","modified_gmt":"2024-09-27T17:18:05","slug":"entre-em-contato","status":"publish","type":"page","link":"https:\/\/conversamarketing.com.br\/forbim\/entre-em-contato\/","title":{"rendered":"Entre em contato"},"content":{"rendered":"\t\t<div data-elementor-type=\"wp-page\" data-elementor-id=\"180\" class=\"elementor elementor-180\" data-elementor-post-type=\"page\">\n\t\t\t\t\t\t<section class=\"elementor-section elementor-top-section elementor-element elementor-element-dde7424 elementor-section-content-middle elementor-reverse-mobile elementor-section-boxed elementor-section-height-default elementor-section-height-default\" data-id=\"dde7424\" data-element_type=\"section\">\n\t\t\t\t\t\t<div class=\"elementor-container elementor-column-gap-default\">\n\t\t\t\t\t<div class=\"elementor-column elementor-col-50 elementor-top-column elementor-element elementor-element-33efdc0\" data-id=\"33efdc0\" data-element_type=\"column\">\n\t\t\t<div class=\"elementor-widget-wrap elementor-element-populated\">\n\t\t\t\t\t\t<div class=\"elementor-element elementor-element-5fdcb36 animated-fast elementor-invisible elementor-widget elementor-widget-heading\" data-id=\"5fdcb36\" data-element_type=\"widget\" data-settings=\"{&quot;_animation&quot;:&quot;fadeInUp&quot;}\" data-widget_type=\"heading.default\">\n\t\t\t\t<div class=\"elementor-widget-container\">\n\t\t\t<h1 class=\"elementor-heading-title elementor-size-default\">N\u00e3o perca mais tempo! Invista no futuro da sua empresa.<\/h1>\t\t<\/div>\n\t\t\t\t<\/div>\n\t\t\t\t<div class=\"elementor-element elementor-element-510bae7 elementor-widget elementor-widget-text-editor\" data-id=\"510bae7\" data-element_type=\"widget\" data-widget_type=\"text-editor.default\">\n\t\t\t\t<div class=\"elementor-widget-container\">\n\t\t\t\t\t\t\t<p>Otimize seus processos, aumente a efici\u00eancia e tome decis\u00f5es mais inteligentes<\/p>\t\t\t\t\t\t<\/div>\n\t\t\t\t<\/div>\n\t\t\t\t<div class=\"elementor-element elementor-element-84b59b1 elementor-widget__width-auto elementor-absolute elementor-widget elementor-widget-image\" data-id=\"84b59b1\" data-element_type=\"widget\" data-settings=\"{&quot;_position&quot;:&quot;absolute&quot;}\" data-widget_type=\"image.default\">\n\t\t\t\t<div class=\"elementor-widget-container\">\n\t\t\t\t\t\t\t\t\t\t\t\t\t<img decoding=\"async\" width=\"128\" height=\"125\" src=\"https:\/\/conversamarketing.com.br\/forbim\/wp-content\/uploads\/2024\/09\/dots-blue.png\" class=\"attachment-large size-large wp-image-13\" alt=\"\" \/>\t\t\t\t\t\t\t\t\t\t\t\t\t<\/div>\n\t\t\t\t<\/div>\n\t\t\t\t\t<\/div>\n\t\t<\/div>\n\t\t\t\t<div class=\"elementor-column elementor-col-50 elementor-top-column elementor-element elementor-element-8f9b7eb\" data-id=\"8f9b7eb\" data-element_type=\"column\" data-settings=\"{&quot;background_background&quot;:&quot;classic&quot;}\">\n\t\t\t<div class=\"elementor-widget-wrap elementor-element-populated\">\n\t\t\t\t\t<div class=\"elementor-background-overlay\"><\/div>\n\t\t\t\t\t\t<div class=\"elementor-element elementor-element-54e7070 elementor-widget elementor-widget-image\" data-id=\"54e7070\" data-element_type=\"widget\" data-widget_type=\"image.default\">\n\t\t\t\t<div class=\"elementor-widget-container\">\n\t\t\t\t\t\t\t\t\t\t\t\t\t<img fetchpriority=\"high\" decoding=\"async\" width=\"800\" height=\"800\" src=\"https:\/\/conversamarketing.com.br\/forbim\/wp-content\/uploads\/2024\/09\/2-1-1024x1024.png\" class=\"attachment-large size-large wp-image-266\" alt=\"\" srcset=\"https:\/\/conversamarketing.com.br\/forbim\/wp-content\/uploads\/2024\/09\/2-1-1024x1024.png 1024w, https:\/\/conversamarketing.com.br\/forbim\/wp-content\/uploads\/2024\/09\/2-1-300x300.png 300w, https:\/\/conversamarketing.com.br\/forbim\/wp-content\/uploads\/2024\/09\/2-1-150x150.png 150w, https:\/\/conversamarketing.com.br\/forbim\/wp-content\/uploads\/2024\/09\/2-1-768x768.png 768w, https:\/\/conversamarketing.com.br\/forbim\/wp-content\/uploads\/2024\/09\/2-1.png 1080w\" sizes=\"(max-width: 800px) 100vw, 800px\" \/>\t\t\t\t\t\t\t\t\t\t\t\t\t<\/div>\n\t\t\t\t<\/div>\n\t\t\t\t\t<\/div>\n\t\t<\/div>\n\t\t\t\t\t<\/div>\n\t\t<\/section>\n\t\t\t\t<section class=\"elementor-section elementor-top-section elementor-element elementor-element-197bce elementor-section-content-middle elementor-section-boxed elementor-section-height-default elementor-section-height-default\" data-id=\"197bce\" data-element_type=\"section\" data-settings=\"{&quot;background_background&quot;:&quot;classic&quot;}\">\n\t\t\t\t\t\t<div class=\"elementor-container elementor-column-gap-default\">\n\t\t\t\t\t<div class=\"elementor-column elementor-col-100 elementor-top-column elementor-element elementor-element-56f6589\" data-id=\"56f6589\" data-element_type=\"column\">\n\t\t\t<div class=\"elementor-widget-wrap elementor-element-populated\">\n\t\t\t\t\t\t<div class=\"elementor-element elementor-element-64e62844 elementor-button-align-start elementor-mobile-button-align-center elementor-widget elementor-widget-form\" data-id=\"64e62844\" data-element_type=\"widget\" data-settings=\"{&quot;step_next_label&quot;:&quot;Next&quot;,&quot;step_previous_label&quot;:&quot;Previous&quot;,&quot;button_width&quot;:&quot;100&quot;,&quot;step_type&quot;:&quot;number_text&quot;,&quot;step_icon_shape&quot;:&quot;circle&quot;}\" data-widget_type=\"form.default\">\n\t\t\t\t<div class=\"elementor-widget-container\">\n\t\t\t\t\t<form class=\"elementor-form\" method=\"post\" name=\"New Form\">\n\t\t\t<input type=\"hidden\" name=\"post_id\" value=\"180\"\/>\n\t\t\t<input type=\"hidden\" name=\"form_id\" value=\"64e62844\"\/>\n\t\t\t<input type=\"hidden\" name=\"referer_title\" value=\"Entre em contato - FORBIM\" \/>\n\n\t\t\t\t\t\t\t<input type=\"hidden\" name=\"queried_id\" value=\"180\"\/>\n\t\t\t\n\t\t\t<div class=\"elementor-form-fields-wrapper elementor-labels-\">\n\t\t\t\t\t\t\t\t<div class=\"elementor-field-type-text elementor-field-group elementor-column elementor-field-group-field_7dd8db7 elementor-col-50\">\n\t\t\t\t\t\t\t\t\t\t\t\t<label for=\"form-field-field_7dd8db7\" class=\"elementor-field-label elementor-screen-only\">\n\t\t\t\t\t\t\t\tNome\t\t\t\t\t\t\t<\/label>\n\t\t\t\t\t\t\t\t\t\t\t\t\t\t<input size=\"1\" type=\"text\" name=\"form_fields[field_7dd8db7]\" id=\"form-field-field_7dd8db7\" class=\"elementor-field elementor-size-lg  elementor-field-textual\" placeholder=\"Nome\">\n\t\t\t\t\t\t\t\t\t\t\t<\/div>\n\t\t\t\t\t\t\t\t<div class=\"elementor-field-type-email elementor-field-group elementor-column elementor-field-group-email elementor-col-50 elementor-field-required\">\n\t\t\t\t\t\t\t\t\t\t\t\t<label for=\"form-field-email\" class=\"elementor-field-label elementor-screen-only\">\n\t\t\t\t\t\t\t\tE-mail\t\t\t\t\t\t\t<\/label>\n\t\t\t\t\t\t\t\t\t\t\t\t\t\t<input size=\"1\" type=\"email\" name=\"form_fields[email]\" id=\"form-field-email\" class=\"elementor-field elementor-size-lg  elementor-field-textual\" placeholder=\"E-mail\" required=\"required\" aria-required=\"true\">\n\t\t\t\t\t\t\t\t\t\t\t<\/div>\n\t\t\t\t\t\t\t\t<div class=\"elementor-field-type-tel elementor-field-group elementor-column elementor-field-group-name elementor-col-50\">\n\t\t\t\t\t\t\t\t\t\t\t\t<label for=\"form-field-name\" class=\"elementor-field-label elementor-screen-only\">\n\t\t\t\t\t\t\t\tTelefone\t\t\t\t\t\t\t<\/label>\n\t\t\t\t\t\t\t\t<input size=\"1\" type=\"tel\" name=\"form_fields[name]\" id=\"form-field-name\" class=\"elementor-field elementor-size-lg  elementor-field-textual\" placeholder=\"Telefone\" pattern=\"[0-9()#&amp;+*-=.]+\" title=\"Only numbers and phone characters (#, -, *, etc) are accepted.\">\n\n\t\t\t\t\t\t<\/div>\n\t\t\t\t\t\t\t\t<div class=\"elementor-field-type-text elementor-field-group elementor-column elementor-field-group-field_4165a55 elementor-col-50\">\n\t\t\t\t\t\t\t\t\t\t\t\t<label for=\"form-field-field_4165a55\" class=\"elementor-field-label elementor-screen-only\">\n\t\t\t\t\t\t\t\tAssunto\t\t\t\t\t\t\t<\/label>\n\t\t\t\t\t\t\t\t\t\t\t\t\t\t<input size=\"1\" type=\"text\" name=\"form_fields[field_4165a55]\" id=\"form-field-field_4165a55\" class=\"elementor-field elementor-size-lg  elementor-field-textual\" placeholder=\"Assunto\">\n\t\t\t\t\t\t\t\t\t\t\t<\/div>\n\t\t\t\t\t\t\t\t<div class=\"elementor-field-type-textarea elementor-field-group elementor-column elementor-field-group-message elementor-col-100\">\n\t\t\t\t\t\t\t\t\t\t\t\t<label for=\"form-field-message\" class=\"elementor-field-label elementor-screen-only\">\n\t\t\t\t\t\t\t\tMensagem\t\t\t\t\t\t\t<\/label>\n\t\t\t\t\t\t<textarea class=\"elementor-field-textual elementor-field  elementor-size-lg\" name=\"form_fields[message]\" id=\"form-field-message\" rows=\"6\" placeholder=\"Mensagem\"><\/textarea>\t\t\t\t<\/div>\n\t\t\t\t\t\t\t\t<div class=\"elementor-field-group elementor-column elementor-field-type-submit elementor-col-100 e-form__buttons\">\n\t\t\t\t\t<button class=\"elementor-button elementor-size-lg\" type=\"submit\">\n\t\t\t\t\t\t<span class=\"elementor-button-content-wrapper\">\n\t\t\t\t\t\t\t\t\t\t\t\t\t\t\t\t\t\t\t\t\t\t<span class=\"elementor-button-text\">ENVIAR MENSAGEM<\/span>\n\t\t\t\t\t\t\t\t\t\t\t\t\t<\/span>\n\t\t\t\t\t<\/button>\n\t\t\t\t<\/div>\n\t\t\t<\/div>\n\t\t<\/form>\n\t\t\t\t<\/div>\n\t\t\t\t<\/div>\n\t\t\t\t\t<\/div>\n\t\t<\/div>\n\t\t\t\t\t<\/div>\n\t\t<\/section>\n\t\t\t\t<\/div>\n\t\t","protected":false},"excerpt":{"rendered":"<p>N\u00e3o perca mais tempo! Invista no futuro da sua empresa. Otimize seus processos, aumente a efici\u00eancia e tome decis\u00f5es mais inteligentes<\/p>\n","protected":false},"author":1,"featured_media":113,"parent":0,"menu_order":0,"comment_status":"closed","ping_status":"closed","template":"elementor_header_footer","meta":{"footnotes":""},"class_list":["post-180","page","type-page","status-publish","has-post-thumbnail","hentry"],"yoast_head":"<!-- This site is optimized with the Yoast SEO plugin v23.4 - https:\/\/yoast.com\/wordpress\/plugins\/seo\/ -->\n<title>Entre em contato - FORBIM<\/title>\n<meta name=\"robots\" content=\"index, follow, max-snippet:-1, max-image-preview:large, max-video-preview:-1\" \/>\n<link rel=\"canonical\" href=\"https:\/\/conversamarketing.com.br\/forbim\/entre-em-contato\/\" \/>\n<meta property=\"og:locale\" content=\"pt_BR\" \/>\n<meta property=\"og:type\" content=\"article\" \/>\n<meta property=\"og:title\" content=\"Entre em contato - FORBIM\" \/>\n<meta property=\"og:description\" content=\"N\u00e3o perca mais tempo! Invista no futuro da sua empresa. Otimize seus processos, aumente a efici\u00eancia e tome decis\u00f5es mais inteligentes\" \/>\n<meta property=\"og:url\" content=\"https:\/\/conversamarketing.com.br\/forbim\/entre-em-contato\/\" \/>\n<meta property=\"og:site_name\" content=\"FORBIM\" \/>\n<meta property=\"article:modified_time\" content=\"2024-09-27T17:18:05+00:00\" \/>\n<meta property=\"og:image\" content=\"https:\/\/conversamarketing.com.br\/forbim\/wp-content\/uploads\/2024\/09\/LOGO-1-1.png\" \/>\n\t<meta property=\"og:image:width\" content=\"698\" \/>\n\t<meta property=\"og:image:height\" content=\"269\" \/>\n\t<meta property=\"og:image:type\" content=\"image\/png\" \/>\n<meta name=\"twitter:card\" content=\"summary_large_image\" \/>\n<meta name=\"twitter:label1\" content=\"Est. tempo de leitura\" \/>\n\t<meta name=\"twitter:data1\" content=\"1 minuto\" \/>\n<script type=\"application\/ld+json\" class=\"yoast-schema-graph\">{\"@context\":\"https:\/\/schema.org\",\"@graph\":[{\"@type\":\"WebPage\",\"@id\":\"https:\/\/conversamarketing.com.br\/forbim\/entre-em-contato\/\",\"url\":\"https:\/\/conversamarketing.com.br\/forbim\/entre-em-contato\/\",\"name\":\"Entre em contato - FORBIM\",\"isPartOf\":{\"@id\":\"https:\/\/conversamarketing.com.br\/forbim\/#website\"},\"primaryImageOfPage\":{\"@id\":\"https:\/\/conversamarketing.com.br\/forbim\/entre-em-contato\/#primaryimage\"},\"image\":{\"@id\":\"https:\/\/conversamarketing.com.br\/forbim\/entre-em-contato\/#primaryimage\"},\"thumbnailUrl\":\"https:\/\/conversamarketing.com.br\/forbim\/wp-content\/uploads\/2024\/09\/LOGO-1-1.png\",\"datePublished\":\"2024-09-23T00:34:24+00:00\",\"dateModified\":\"2024-09-27T17:18:05+00:00\",\"breadcrumb\":{\"@id\":\"https:\/\/conversamarketing.com.br\/forbim\/entre-em-contato\/#breadcrumb\"},\"inLanguage\":\"pt-BR\",\"potentialAction\":[{\"@type\":\"ReadAction\",\"target\":[\"https:\/\/conversamarketing.com.br\/forbim\/entre-em-contato\/\"]}]},{\"@type\":\"ImageObject\",\"inLanguage\":\"pt-BR\",\"@id\":\"https:\/\/conversamarketing.com.br\/forbim\/entre-em-contato\/#primaryimage\",\"url\":\"https:\/\/conversamarketing.com.br\/forbim\/wp-content\/uploads\/2024\/09\/LOGO-1-1.png\",\"contentUrl\":\"https:\/\/conversamarketing.com.br\/forbim\/wp-content\/uploads\/2024\/09\/LOGO-1-1.png\",\"width\":698,\"height\":269},{\"@type\":\"BreadcrumbList\",\"@id\":\"https:\/\/conversamarketing.com.br\/forbim\/entre-em-contato\/#breadcrumb\",\"itemListElement\":[{\"@type\":\"ListItem\",\"position\":1,\"name\":\"In\u00edcio\",\"item\":\"https:\/\/conversamarketing.com.br\/forbim\/\"},{\"@type\":\"ListItem\",\"position\":2,\"name\":\"Entre em contato\"}]},{\"@type\":\"WebSite\",\"@id\":\"https:\/\/conversamarketing.com.br\/forbim\/#website\",\"url\":\"https:\/\/conversamarketing.com.br\/forbim\/\",\"name\":\"FORBIM\",\"description\":\"software de gest\u00e3o de vistorias e servi\u00e7os.\",\"publisher\":{\"@id\":\"https:\/\/conversamarketing.com.br\/forbim\/#organization\"},\"potentialAction\":[{\"@type\":\"SearchAction\",\"target\":{\"@type\":\"EntryPoint\",\"urlTemplate\":\"https:\/\/conversamarketing.com.br\/forbim\/?s={search_term_string}\"},\"query-input\":{\"@type\":\"PropertyValueSpecification\",\"valueRequired\":true,\"valueName\":\"search_term_string\"}}],\"inLanguage\":\"pt-BR\"},{\"@type\":\"Organization\",\"@id\":\"https:\/\/conversamarketing.com.br\/forbim\/#organization\",\"name\":\"FORBIM\",\"url\":\"https:\/\/conversamarketing.com.br\/forbim\/\",\"logo\":{\"@type\":\"ImageObject\",\"inLanguage\":\"pt-BR\",\"@id\":\"https:\/\/conversamarketing.com.br\/forbim\/#\/schema\/logo\/image\/\",\"url\":\"https:\/\/conversamarketing.com.br\/forbim\/wp-content\/uploads\/2024\/09\/cropped-LOGO-10-1.png\",\"contentUrl\":\"https:\/\/conversamarketing.com.br\/forbim\/wp-content\/uploads\/2024\/09\/cropped-LOGO-10-1.png\",\"width\":605,\"height\":521,\"caption\":\"FORBIM\"},\"image\":{\"@id\":\"https:\/\/conversamarketing.com.br\/forbim\/#\/schema\/logo\/image\/\"}}]}<\/script>\n<!-- \/ Yoast SEO plugin. -->","yoast_head_json":{"title":"Entre em contato - FORBIM","robots":{"index":"index","follow":"follow","max-snippet":"max-snippet:-1","max-image-preview":"max-image-preview:large","max-video-preview":"max-video-preview:-1"},"canonical":"https:\/\/conversamarketing.com.br\/forbim\/entre-em-contato\/","og_locale":"pt_BR","og_type":"article","og_title":"Entre em contato - FORBIM","og_description":"N\u00e3o perca mais tempo! Invista no futuro da sua empresa. Otimize seus processos, aumente a efici\u00eancia e tome decis\u00f5es mais inteligentes","og_url":"https:\/\/conversamarketing.com.br\/forbim\/entre-em-contato\/","og_site_name":"FORBIM","article_modified_time":"2024-09-27T17:18:05+00:00","og_image":[{"width":698,"height":269,"url":"https:\/\/conversamarketing.com.br\/forbim\/wp-content\/uploads\/2024\/09\/LOGO-1-1.png","type":"image\/png"}],"twitter_card":"summary_large_image","twitter_misc":{"Est. tempo de leitura":"1 minuto"},"schema":{"@context":"https:\/\/schema.org","@graph":[{"@type":"WebPage","@id":"https:\/\/conversamarketing.com.br\/forbim\/entre-em-contato\/","url":"https:\/\/conversamarketing.com.br\/forbim\/entre-em-contato\/","name":"Entre em contato - FORBIM","isPartOf":{"@id":"https:\/\/conversamarketing.com.br\/forbim\/#website"},"primaryImageOfPage":{"@id":"https:\/\/conversamarketing.com.br\/forbim\/entre-em-contato\/#primaryimage"},"image":{"@id":"https:\/\/conversamarketing.com.br\/forbim\/entre-em-contato\/#primaryimage"},"thumbnailUrl":"https:\/\/conversamarketing.com.br\/forbim\/wp-content\/uploads\/2024\/09\/LOGO-1-1.png","datePublished":"2024-09-23T00:34:24+00:00","dateModified":"2024-09-27T17:18:05+00:00","breadcrumb":{"@id":"https:\/\/conversamarketing.com.br\/forbim\/entre-em-contato\/#breadcrumb"},"inLanguage":"pt-BR","potentialAction":[{"@type":"ReadAction","target":["https:\/\/conversamarketing.com.br\/forbim\/entre-em-contato\/"]}]},{"@type":"ImageObject","inLanguage":"pt-BR","@id":"https:\/\/conversamarketing.com.br\/forbim\/entre-em-contato\/#primaryimage","url":"https:\/\/conversamarketing.com.br\/forbim\/wp-content\/uploads\/2024\/09\/LOGO-1-1.png","contentUrl":"https:\/\/conversamarketing.com.br\/forbim\/wp-content\/uploads\/2024\/09\/LOGO-1-1.png","width":698,"height":269},{"@type":"BreadcrumbList","@id":"https:\/\/conversamarketing.com.br\/forbim\/entre-em-contato\/#breadcrumb","itemListElement":[{"@type":"ListItem","position":1,"name":"In\u00edcio","item":"https:\/\/conversamarketing.com.br\/forbim\/"},{"@type":"ListItem","position":2,"name":"Entre em contato"}]},{"@type":"WebSite","@id":"https:\/\/conversamarketing.com.br\/forbim\/#website","url":"https:\/\/conversamarketing.com.br\/forbim\/","name":"FORBIM","description":"software de gest\u00e3o de vistorias e servi\u00e7os.","publisher":{"@id":"https:\/\/conversamarketing.com.br\/forbim\/#organization"},"potentialAction":[{"@type":"SearchAction","target":{"@type":"EntryPoint","urlTemplate":"https:\/\/conversamarketing.com.br\/forbim\/?s={search_term_string}"},"query-input":{"@type":"PropertyValueSpecification","valueRequired":true,"valueName":"search_term_string"}}],"inLanguage":"pt-BR"},{"@type":"Organization","@id":"https:\/\/conversamarketing.com.br\/forbim\/#organization","name":"FORBIM","url":"https:\/\/conversamarketing.com.br\/forbim\/","logo":{"@type":"ImageObject","inLanguage":"pt-BR","@id":"https:\/\/conversamarketing.com.br\/forbim\/#\/schema\/logo\/image\/","url":"https:\/\/conversamarketing.com.br\/forbim\/wp-content\/uploads\/2024\/09\/cropped-LOGO-10-1.png","contentUrl":"https:\/\/conversamarketing.com.br\/forbim\/wp-content\/uploads\/2024\/09\/cropped-LOGO-10-1.png","width":605,"height":521,"caption":"FORBIM"},"image":{"@id":"https:\/\/conversamarketing.com.br\/forbim\/#\/schema\/logo\/image\/"}}]}},"_links":{"self":[{"href":"https:\/\/conversamarketing.com.br\/forbim\/wp-json\/wp\/v2\/pages\/180"}],"collection":[{"href":"https:\/\/conversamarketing.com.br\/forbim\/wp-json\/wp\/v2\/pages"}],"about":[{"href":"https:\/\/conversamarketing.com.br\/forbim\/wp-json\/wp\/v2\/types\/page"}],"author":[{"embeddable":true,"href":"https:\/\/conversamarketing.com.br\/forbim\/wp-json\/wp\/v2\/users\/1"}],"replies":[{"embeddable":true,"href":"https:\/\/conversamarketing.com.br\/forbim\/wp-json\/wp\/v2\/comments?post=180"}],"version-history":[{"count":13,"href":"https:\/\/conversamarketing.com.br\/forbim\/wp-json\/wp\/v2\/pages\/180\/revisions"}],"predecessor-version":[{"id":278,"href":"https:\/\/conversamarketing.com.br\/forbim\/wp-json\/wp\/v2\/pages\/180\/revisions\/278"}],"wp:featuredmedia":[{"embeddable":true,"href":"https:\/\/conversamarketing.com.br\/forbim\/wp-json\/wp\/v2\/media\/113"}],"wp:attachment":[{"href":"https:\/\/conversamarketing.com.br\/forbim\/wp-json\/wp\/v2\/media?parent=180"}],"curies":[{"name":"wp","href":"https:\/\/api.w.org\/{rel}","templated":true}]}}