{"id":174,"date":"2024-09-23T00:28:01","date_gmt":"2024-09-23T00:28:01","guid":{"rendered":"https:\/\/conversamarketing.com.br\/forbim\/?page_id=174"},"modified":"2024-09-27T17:23:18","modified_gmt":"2024-09-27T17:23:18","slug":"servicos","status":"publish","type":"page","link":"https:\/\/conversamarketing.com.br\/forbim\/servicos\/","title":{"rendered":"Servi\u00e7os"},"content":{"rendered":"\t\t<div data-elementor-type=\"wp-page\" data-elementor-id=\"174\" class=\"elementor elementor-174\" data-elementor-post-type=\"page\">\n\t\t\t\t\t\t<section class=\"elementor-section elementor-top-section elementor-element elementor-element-2e0d22a6 elementor-section-content-middle elementor-reverse-mobile elementor-section-boxed elementor-section-height-default elementor-section-height-default\" data-id=\"2e0d22a6\" data-element_type=\"section\">\n\t\t\t\t\t\t<div class=\"elementor-container elementor-column-gap-default\">\n\t\t\t\t\t<div class=\"elementor-column elementor-col-50 elementor-top-column elementor-element elementor-element-12ba5977\" data-id=\"12ba5977\" data-element_type=\"column\">\n\t\t\t<div class=\"elementor-widget-wrap elementor-element-populated\">\n\t\t\t\t\t\t<div class=\"elementor-element elementor-element-23195c18 elementor-invisible elementor-widget elementor-widget-heading\" data-id=\"23195c18\" data-element_type=\"widget\" data-settings=\"{&quot;_animation&quot;:&quot;fadeInUp&quot;}\" data-widget_type=\"heading.default\">\n\t\t\t\t<div class=\"elementor-widget-container\">\n\t\t\t<h2 class=\"elementor-heading-title elementor-size-default\">Solu\u00e7\u00f5es Inteligentes para o Seu Neg\u00f3cio<\/h2>\t\t<\/div>\n\t\t\t\t<\/div>\n\t\t\t\t<div class=\"elementor-element elementor-element-746df20b elementor-widget elementor-widget-text-editor\" data-id=\"746df20b\" data-element_type=\"widget\" data-widget_type=\"text-editor.default\">\n\t\t\t\t<div class=\"elementor-widget-container\">\n\t\t\t\t\t\t\t<p data-sourcepos=\"7:1-7:34\"><strong>1. Seguran\u00e7a e Confiabilidade:<\/strong><\/p><ul data-sourcepos=\"8:1-10:0\"><li data-sourcepos=\"8:1-8:123\"><strong>Backup criptografado na nuvem:<\/strong> Garanta a seguran\u00e7a dos seus dados com nosso sistema de backup criptografado na nuvem.<\/li><li data-sourcepos=\"9:1-10:0\"><strong>Informa\u00e7\u00f5es de propriedade do cliente:<\/strong> Seus dados s\u00e3o seus! Mantenha o controle total das suas informa\u00e7\u00f5es.<\/li><\/ul>\t\t\t\t\t\t<\/div>\n\t\t\t\t<\/div>\n\t\t\t\t<div class=\"elementor-element elementor-element-3f95100 elementor-widget elementor-widget-text-editor\" data-id=\"3f95100\" data-element_type=\"widget\" data-widget_type=\"text-editor.default\">\n\t\t\t\t<div class=\"elementor-widget-container\">\n\t\t\t\t\t\t\t<p data-sourcepos=\"11:1-11:38\"><strong>2. Flexibilidade e Personaliza\u00e7\u00e3o:<\/strong><\/p><ul data-sourcepos=\"12:1-16:0\"><li data-sourcepos=\"12:1-12:82\"><strong>Sistema totalmente web:<\/strong> Acesse o sistema de qualquer lugar, a qualquer hora.<\/li><li data-sourcepos=\"13:1-13:124\"><strong>Cria\u00e7\u00e3o de diferentes perfis de acessos:<\/strong> Personalize o acesso de cada usu\u00e1rio para garantir a seguran\u00e7a da informa\u00e7\u00e3o.<\/li><li data-sourcepos=\"14:1-14:98\"><strong>Atende diferentes segmentos:<\/strong> Adaptamos o sistema \u00e0s necessidades espec\u00edficas do seu neg\u00f3cio.<\/li><li data-sourcepos=\"15:1-16:0\"><strong>Diferencial: Montar v\u00e1rios formul\u00e1rios:<\/strong> Crie formul\u00e1rios personalizados com diversos tipos de perguntas para atender \u00e0s suas necessidades espec\u00edficas.<\/li><\/ul>\t\t\t\t\t\t<\/div>\n\t\t\t\t<\/div>\n\t\t\t\t\t<\/div>\n\t\t<\/div>\n\t\t\t\t<div class=\"elementor-column elementor-col-50 elementor-top-column elementor-element elementor-element-70034d9e\" data-id=\"70034d9e\" data-element_type=\"column\">\n\t\t\t<div class=\"elementor-widget-wrap elementor-element-populated\">\n\t\t\t\t\t\t<div class=\"elementor-element elementor-element-498b52b6 elementor-widget elementor-widget-image\" data-id=\"498b52b6\" data-element_type=\"widget\" data-widget_type=\"image.default\">\n\t\t\t\t<div class=\"elementor-widget-container\">\n\t\t\t\t\t\t\t\t\t\t\t\t\t<img fetchpriority=\"high\" decoding=\"async\" width=\"422\" height=\"560\" src=\"https:\/\/conversamarketing.com.br\/forbim\/wp-content\/uploads\/2024\/09\/app3.png\" class=\"attachment-large size-large wp-image-55\" alt=\"\" srcset=\"https:\/\/conversamarketing.com.br\/forbim\/wp-content\/uploads\/2024\/09\/app3.png 422w, https:\/\/conversamarketing.com.br\/forbim\/wp-content\/uploads\/2024\/09\/app3-226x300.png 226w\" sizes=\"(max-width: 422px) 100vw, 422px\" \/>\t\t\t\t\t\t\t\t\t\t\t\t\t<\/div>\n\t\t\t\t<\/div>\n\t\t\t\t<div class=\"elementor-element elementor-element-3c1b4bce elementor-widget__width-auto elementor-absolute elementor-widget elementor-widget-image\" data-id=\"3c1b4bce\" data-element_type=\"widget\" data-settings=\"{&quot;_position&quot;:&quot;absolute&quot;}\" data-widget_type=\"image.default\">\n\t\t\t\t<div class=\"elementor-widget-container\">\n\t\t\t\t\t\t\t\t\t\t\t\t\t<img decoding=\"async\" width=\"128\" height=\"125\" src=\"https:\/\/conversamarketing.com.br\/forbim\/wp-content\/uploads\/2024\/09\/dots-blue.png\" class=\"attachment-large size-large wp-image-13\" alt=\"\" \/>\t\t\t\t\t\t\t\t\t\t\t\t\t<\/div>\n\t\t\t\t<\/div>\n\t\t\t\t<div class=\"elementor-element elementor-element-80f3a1d elementor-widget__width-initial elementor-absolute elementor-widget-tablet__width-initial elementor-widget-mobile__width-initial animated-fast elementor-invisible elementor-widget elementor-widget-image\" data-id=\"80f3a1d\" data-element_type=\"widget\" data-settings=\"{&quot;_position&quot;:&quot;absolute&quot;,&quot;_animation&quot;:&quot;fadeInRight&quot;,&quot;_animation_delay&quot;:200}\" data-widget_type=\"image.default\">\n\t\t\t\t<div class=\"elementor-widget-container\">\n\t\t\t\t\t\t\t\t\t\t\t\t\t<img decoding=\"async\" width=\"174\" height=\"427\" src=\"https:\/\/conversamarketing.com.br\/forbim\/wp-content\/uploads\/2024\/09\/doodle3-1.png\" class=\"attachment-large size-large wp-image-271\" alt=\"\" srcset=\"https:\/\/conversamarketing.com.br\/forbim\/wp-content\/uploads\/2024\/09\/doodle3-1.png 174w, https:\/\/conversamarketing.com.br\/forbim\/wp-content\/uploads\/2024\/09\/doodle3-1-122x300.png 122w\" sizes=\"(max-width: 174px) 100vw, 174px\" \/>\t\t\t\t\t\t\t\t\t\t\t\t\t<\/div>\n\t\t\t\t<\/div>\n\t\t\t\t\t<\/div>\n\t\t<\/div>\n\t\t\t\t\t<\/div>\n\t\t<\/section>\n\t\t\t\t<section class=\"elementor-section elementor-top-section elementor-element elementor-element-868510a elementor-section-content-middle elementor-reverse-mobile elementor-section-boxed elementor-section-height-default elementor-section-height-default\" data-id=\"868510a\" data-element_type=\"section\">\n\t\t\t\t\t\t<div class=\"elementor-container elementor-column-gap-default\">\n\t\t\t\t\t<div class=\"elementor-column elementor-col-50 elementor-top-column elementor-element elementor-element-4c0b5f1\" data-id=\"4c0b5f1\" data-element_type=\"column\">\n\t\t\t<div class=\"elementor-widget-wrap elementor-element-populated\">\n\t\t\t\t\t\t<div class=\"elementor-element elementor-element-2e6e33c elementor-widget elementor-widget-image\" data-id=\"2e6e33c\" data-element_type=\"widget\" data-widget_type=\"image.default\">\n\t\t\t\t<div class=\"elementor-widget-container\">\n\t\t\t\t\t\t\t\t\t\t\t\t\t<img loading=\"lazy\" decoding=\"async\" width=\"800\" height=\"800\" src=\"https:\/\/conversamarketing.com.br\/forbim\/wp-content\/uploads\/2024\/09\/5-2-1024x1024.png\" class=\"attachment-large size-large wp-image-264\" alt=\"\" srcset=\"https:\/\/conversamarketing.com.br\/forbim\/wp-content\/uploads\/2024\/09\/5-2-1024x1024.png 1024w, https:\/\/conversamarketing.com.br\/forbim\/wp-content\/uploads\/2024\/09\/5-2-300x300.png 300w, https:\/\/conversamarketing.com.br\/forbim\/wp-content\/uploads\/2024\/09\/5-2-150x150.png 150w, https:\/\/conversamarketing.com.br\/forbim\/wp-content\/uploads\/2024\/09\/5-2-768x768.png 768w, https:\/\/conversamarketing.com.br\/forbim\/wp-content\/uploads\/2024\/09\/5-2.png 1080w\" sizes=\"(max-width: 800px) 100vw, 800px\" \/>\t\t\t\t\t\t\t\t\t\t\t\t\t<\/div>\n\t\t\t\t<\/div>\n\t\t\t\t\t<\/div>\n\t\t<\/div>\n\t\t\t\t<div class=\"elementor-column elementor-col-50 elementor-top-column elementor-element elementor-element-23ec668\" data-id=\"23ec668\" data-element_type=\"column\">\n\t\t\t<div class=\"elementor-widget-wrap elementor-element-populated\">\n\t\t\t\t\t\t<div class=\"elementor-element elementor-element-9ce7e36 elementor-widget elementor-widget-text-editor\" data-id=\"9ce7e36\" data-element_type=\"widget\" data-widget_type=\"text-editor.default\">\n\t\t\t\t<div class=\"elementor-widget-container\">\n\t\t\t\t\t\t\t<p data-sourcepos=\"17:1-17:34\"><strong>3. Efici\u00eancia e Produtividade:<\/strong><\/p><ul data-sourcepos=\"18:1-18:112\"><li data-sourcepos=\"18:1-18:112\"><strong>Indicadores e relat\u00f3rios dispon\u00edveis e feitos sobre demanda:<\/strong> Obtenha insights valiosos sobre o seu neg\u00f3cio com relat\u00f3rios personalizados.<\/li><li data-sourcepos=\"19:1-19:91\"><strong>Informa\u00e7\u00f5es em tempo real:<\/strong> Tome decis\u00f5es mais assertivas com informa\u00e7\u00f5es atualizadas.<\/li><li data-sourcepos=\"20:1-21:0\"><strong>Sistema responsivo:<\/strong> Acesse o sistema de qualquer dispositivo, a qualquer hora.<\/li><\/ul>\t\t\t\t\t\t<\/div>\n\t\t\t\t<\/div>\n\t\t\t\t<div class=\"elementor-element elementor-element-2f977ee elementor-widget elementor-widget-text-editor\" data-id=\"2f977ee\" data-element_type=\"widget\" data-widget_type=\"text-editor.default\">\n\t\t\t\t<div class=\"elementor-widget-container\">\n\t\t\t\t\t\t\t<p data-sourcepos=\"22:1-22:30\"><strong>4. Qualidade e Completude:<\/strong><\/p><ul data-sourcepos=\"23:1-26:0\"><li data-sourcepos=\"23:1-23:130\"><strong>Georreferenciamento, dados quantitativos\/qualitativos, assinaturas, fotos e v\u00eddeos:<\/strong> Documente tudo com precis\u00e3o e seguran\u00e7a.<\/li><li data-sourcepos=\"24:1-24:79\"><strong>Relat\u00f3rios autom\u00e1ticos em PDF:<\/strong> Gere relat\u00f3rios completos e profissionais.<\/li><li data-sourcepos=\"25:1-26:0\"><strong>Alertas de dados inconformes:<\/strong> Identifique e corrija problemas rapidamente.<\/li><\/ul>\t\t\t\t\t\t<\/div>\n\t\t\t\t<\/div>\n\t\t\t\t<div class=\"elementor-element elementor-element-9652f1f elementor-widget elementor-widget-text-editor\" data-id=\"9652f1f\" data-element_type=\"widget\" data-widget_type=\"text-editor.default\">\n\t\t\t\t<div class=\"elementor-widget-container\">\n\t\t\t\t\t\t\t<p data-sourcepos=\"27:1-27:28\"><strong>5. Integra\u00e7\u00e3o e Suporte:<\/strong><\/p><ul data-sourcepos=\"28:1-30:0\"><li data-sourcepos=\"28:1-28:120\"><strong>Integra\u00e7\u00f5es com outras plataformas:<\/strong> Conecte o sistema \u00e0s suas ferramentas existentes para otimizar seus processos.<\/li><li data-sourcepos=\"29:1-30:0\"><strong>O investimento em melhorias \u00e9 constante:<\/strong> Conte com um sistema em constante evolu\u00e7\u00e3o.<\/li><\/ul>\t\t\t\t\t\t<\/div>\n\t\t\t\t<\/div>\n\t\t\t\t\t<\/div>\n\t\t<\/div>\n\t\t\t\t\t<\/div>\n\t\t<\/section>\n\t\t\t\t<section class=\"elementor-section elementor-top-section elementor-element elementor-element-9e5d779 elementor-section-boxed elementor-section-height-default elementor-section-height-default\" data-id=\"9e5d779\" data-element_type=\"section\">\n\t\t\t\t\t\t<div class=\"elementor-container elementor-column-gap-default\">\n\t\t\t\t\t<div class=\"elementor-column elementor-col-100 elementor-top-column elementor-element elementor-element-6c85705\" data-id=\"6c85705\" data-element_type=\"column\" data-settings=\"{&quot;background_background&quot;:&quot;classic&quot;}\">\n\t\t\t<div class=\"elementor-widget-wrap elementor-element-populated\">\n\t\t\t\t\t\t<div class=\"elementor-element elementor-element-7b60d91 elementor-invisible elementor-widget elementor-widget-heading\" data-id=\"7b60d91\" data-element_type=\"widget\" data-settings=\"{&quot;_animation&quot;:&quot;fadeInUp&quot;}\" data-widget_type=\"heading.default\">\n\t\t\t\t<div class=\"elementor-widget-container\">\n\t\t\t<h2 class=\"elementor-heading-title elementor-size-default\">Temos a solu\u00e7\u00e3o perfeita para otimizar a gest\u00e3o da sua empresa!<\/h2>\t\t<\/div>\n\t\t\t\t<\/div>\n\t\t\t\t<div class=\"elementor-element elementor-element-5b03cc9 elementor-widget elementor-widget-text-editor\" data-id=\"5b03cc9\" data-element_type=\"widget\" data-widget_type=\"text-editor.default\">\n\t\t\t\t<div class=\"elementor-widget-container\">\n\t\t\t\t\t\t\t<p data-sourcepos=\"9:1-9:33\">Est\u00e1 cansado de processos manuais e desperd\u00edcio de tempo? O Forbim \u00e9 a ferramenta ideal para voc\u00ea!<\/p>\t\t\t\t\t\t<\/div>\n\t\t\t\t<\/div>\n\t\t\t\t<div class=\"elementor-element elementor-element-4e9f5ed elementor-align-center elementor-mobile-align-center elementor-widget elementor-widget-button\" data-id=\"4e9f5ed\" data-element_type=\"widget\" data-widget_type=\"button.default\">\n\t\t\t\t<div class=\"elementor-widget-container\">\n\t\t\t\t\t<div class=\"elementor-button-wrapper\">\n\t\t\t<a class=\"elementor-button elementor-button-link elementor-size-lg\" href=\"#\">\n\t\t\t\t\t\t<span class=\"elementor-button-content-wrapper\">\n\t\t\t\t\t\t\t\t\t<span class=\"elementor-button-text\">ENTRE EM CONTATO<\/span>\n\t\t\t\t\t<\/span>\n\t\t\t\t\t<\/a>\n\t\t<\/div>\n\t\t\t\t<\/div>\n\t\t\t\t<\/div>\n\t\t\t\t<div class=\"elementor-element elementor-element-2e71207 elementor-widget__width-auto elementor-widget-tablet__width-initial elementor-absolute elementor-widget elementor-widget-image\" data-id=\"2e71207\" data-element_type=\"widget\" data-settings=\"{&quot;_position&quot;:&quot;absolute&quot;}\" data-widget_type=\"image.default\">\n\t\t\t\t<div class=\"elementor-widget-container\">\n\t\t\t\t\t\t\t\t\t\t\t\t\t<img decoding=\"async\" width=\"128\" height=\"125\" src=\"https:\/\/conversamarketing.com.br\/forbim\/wp-content\/uploads\/2024\/09\/dots-blue.png\" class=\"attachment-large size-large wp-image-13\" alt=\"\" \/>\t\t\t\t\t\t\t\t\t\t\t\t\t<\/div>\n\t\t\t\t<\/div>\n\t\t\t\t<div class=\"elementor-element elementor-element-10c2fce elementor-widget__width-auto elementor-widget-tablet__width-initial elementor-widget-mobile__width-initial elementor-absolute elementor-widget elementor-widget-image\" data-id=\"10c2fce\" data-element_type=\"widget\" data-settings=\"{&quot;_position&quot;:&quot;absolute&quot;,&quot;_animation&quot;:&quot;none&quot;,&quot;_animation_delay&quot;:0}\" data-widget_type=\"image.default\">\n\t\t\t\t<div class=\"elementor-widget-container\">\n\t\t\t\t\t\t\t\t\t\t\t\t\t<img loading=\"lazy\" decoding=\"async\" width=\"241\" height=\"302\" src=\"https:\/\/conversamarketing.com.br\/forbim\/wp-content\/uploads\/2024\/09\/doodle5-1.png\" class=\"attachment-large size-large wp-image-269\" alt=\"\" srcset=\"https:\/\/conversamarketing.com.br\/forbim\/wp-content\/uploads\/2024\/09\/doodle5-1.png 241w, https:\/\/conversamarketing.com.br\/forbim\/wp-content\/uploads\/2024\/09\/doodle5-1-239x300.png 239w\" sizes=\"(max-width: 241px) 100vw, 241px\" \/>\t\t\t\t\t\t\t\t\t\t\t\t\t<\/div>\n\t\t\t\t<\/div>\n\t\t\t\t<div class=\"elementor-element elementor-element-3394a41 elementor-widget__width-auto elementor-widget-tablet__width-initial elementor-widget-mobile__width-initial elementor-absolute elementor-invisible elementor-widget elementor-widget-image\" data-id=\"3394a41\" data-element_type=\"widget\" data-settings=\"{&quot;_position&quot;:&quot;absolute&quot;,&quot;_animation&quot;:&quot;fadeInLeft&quot;,&quot;_animation_delay&quot;:100}\" data-widget_type=\"image.default\">\n\t\t\t\t<div class=\"elementor-widget-container\">\n\t\t\t\t\t\t\t\t\t\t\t\t\t<img loading=\"lazy\" decoding=\"async\" width=\"334\" height=\"409\" src=\"https:\/\/conversamarketing.com.br\/forbim\/wp-content\/uploads\/2024\/09\/doodle6-1.png\" class=\"attachment-large size-large wp-image-268\" alt=\"\" srcset=\"https:\/\/conversamarketing.com.br\/forbim\/wp-content\/uploads\/2024\/09\/doodle6-1.png 334w, https:\/\/conversamarketing.com.br\/forbim\/wp-content\/uploads\/2024\/09\/doodle6-1-245x300.png 245w\" sizes=\"(max-width: 334px) 100vw, 334px\" \/>\t\t\t\t\t\t\t\t\t\t\t\t\t<\/div>\n\t\t\t\t<\/div>\n\t\t\t\t\t<\/div>\n\t\t<\/div>\n\t\t\t\t\t<\/div>\n\t\t<\/section>\n\t\t\t\t<\/div>\n\t\t","protected":false},"excerpt":{"rendered":"<p>Solu\u00e7\u00f5es Inteligentes para o Seu Neg\u00f3cio 1. Seguran\u00e7a e Confiabilidade: Backup criptografado na nuvem: Garanta a seguran\u00e7a dos seus dados com nosso sistema de backup criptografado na nuvem. Informa\u00e7\u00f5es de propriedade do cliente: Seus dados s\u00e3o seus! Mantenha o controle total das suas informa\u00e7\u00f5es. 2. Flexibilidade e Personaliza\u00e7\u00e3o: Sistema totalmente web: Acesse o sistema de [&hellip;]<\/p>\n","protected":false},"author":1,"featured_media":113,"parent":0,"menu_order":0,"comment_status":"closed","ping_status":"closed","template":"elementor_header_footer","meta":{"footnotes":""},"class_list":["post-174","page","type-page","status-publish","has-post-thumbnail","hentry"],"yoast_head":"<!-- This site is optimized with the Yoast SEO plugin v23.4 - https:\/\/yoast.com\/wordpress\/plugins\/seo\/ -->\n<title>Servi\u00e7os - FORBIM<\/title>\n<meta name=\"robots\" content=\"index, follow, max-snippet:-1, max-image-preview:large, max-video-preview:-1\" \/>\n<link rel=\"canonical\" href=\"https:\/\/conversamarketing.com.br\/forbim\/servicos\/\" \/>\n<meta property=\"og:locale\" content=\"pt_BR\" \/>\n<meta property=\"og:type\" content=\"article\" \/>\n<meta property=\"og:title\" content=\"Servi\u00e7os - FORBIM\" \/>\n<meta property=\"og:description\" content=\"Solu\u00e7\u00f5es Inteligentes para o Seu Neg\u00f3cio 1. Seguran\u00e7a e Confiabilidade: Backup criptografado na nuvem: Garanta a seguran\u00e7a dos seus dados com nosso sistema de backup criptografado na nuvem. Informa\u00e7\u00f5es de propriedade do cliente: Seus dados s\u00e3o seus! Mantenha o controle total das suas informa\u00e7\u00f5es. 2. Flexibilidade e Personaliza\u00e7\u00e3o: Sistema totalmente web: Acesse o sistema de [&hellip;]\" \/>\n<meta property=\"og:url\" content=\"https:\/\/conversamarketing.com.br\/forbim\/servicos\/\" \/>\n<meta property=\"og:site_name\" content=\"FORBIM\" \/>\n<meta property=\"article:modified_time\" content=\"2024-09-27T17:23:18+00:00\" \/>\n<meta property=\"og:image\" content=\"https:\/\/conversamarketing.com.br\/forbim\/wp-content\/uploads\/2024\/09\/LOGO-1-1.png\" \/>\n\t<meta property=\"og:image:width\" content=\"698\" \/>\n\t<meta property=\"og:image:height\" content=\"269\" \/>\n\t<meta property=\"og:image:type\" content=\"image\/png\" \/>\n<meta name=\"twitter:card\" content=\"summary_large_image\" \/>\n<meta name=\"twitter:label1\" content=\"Est. tempo de leitura\" \/>\n\t<meta name=\"twitter:data1\" content=\"3 minutos\" \/>\n<script type=\"application\/ld+json\" class=\"yoast-schema-graph\">{\"@context\":\"https:\/\/schema.org\",\"@graph\":[{\"@type\":\"WebPage\",\"@id\":\"https:\/\/conversamarketing.com.br\/forbim\/servicos\/\",\"url\":\"https:\/\/conversamarketing.com.br\/forbim\/servicos\/\",\"name\":\"Servi\u00e7os - FORBIM\",\"isPartOf\":{\"@id\":\"https:\/\/conversamarketing.com.br\/forbim\/#website\"},\"primaryImageOfPage\":{\"@id\":\"https:\/\/conversamarketing.com.br\/forbim\/servicos\/#primaryimage\"},\"image\":{\"@id\":\"https:\/\/conversamarketing.com.br\/forbim\/servicos\/#primaryimage\"},\"thumbnailUrl\":\"https:\/\/conversamarketing.com.br\/forbim\/wp-content\/uploads\/2024\/09\/LOGO-1-1.png\",\"datePublished\":\"2024-09-23T00:28:01+00:00\",\"dateModified\":\"2024-09-27T17:23:18+00:00\",\"breadcrumb\":{\"@id\":\"https:\/\/conversamarketing.com.br\/forbim\/servicos\/#breadcrumb\"},\"inLanguage\":\"pt-BR\",\"potentialAction\":[{\"@type\":\"ReadAction\",\"target\":[\"https:\/\/conversamarketing.com.br\/forbim\/servicos\/\"]}]},{\"@type\":\"ImageObject\",\"inLanguage\":\"pt-BR\",\"@id\":\"https:\/\/conversamarketing.com.br\/forbim\/servicos\/#primaryimage\",\"url\":\"https:\/\/conversamarketing.com.br\/forbim\/wp-content\/uploads\/2024\/09\/LOGO-1-1.png\",\"contentUrl\":\"https:\/\/conversamarketing.com.br\/forbim\/wp-content\/uploads\/2024\/09\/LOGO-1-1.png\",\"width\":698,\"height\":269},{\"@type\":\"BreadcrumbList\",\"@id\":\"https:\/\/conversamarketing.com.br\/forbim\/servicos\/#breadcrumb\",\"itemListElement\":[{\"@type\":\"ListItem\",\"position\":1,\"name\":\"In\u00edcio\",\"item\":\"https:\/\/conversamarketing.com.br\/forbim\/\"},{\"@type\":\"ListItem\",\"position\":2,\"name\":\"Servi\u00e7os\"}]},{\"@type\":\"WebSite\",\"@id\":\"https:\/\/conversamarketing.com.br\/forbim\/#website\",\"url\":\"https:\/\/conversamarketing.com.br\/forbim\/\",\"name\":\"FORBIM\",\"description\":\"software de gest\u00e3o de vistorias e servi\u00e7os.\",\"publisher\":{\"@id\":\"https:\/\/conversamarketing.com.br\/forbim\/#organization\"},\"potentialAction\":[{\"@type\":\"SearchAction\",\"target\":{\"@type\":\"EntryPoint\",\"urlTemplate\":\"https:\/\/conversamarketing.com.br\/forbim\/?s={search_term_string}\"},\"query-input\":{\"@type\":\"PropertyValueSpecification\",\"valueRequired\":true,\"valueName\":\"search_term_string\"}}],\"inLanguage\":\"pt-BR\"},{\"@type\":\"Organization\",\"@id\":\"https:\/\/conversamarketing.com.br\/forbim\/#organization\",\"name\":\"FORBIM\",\"url\":\"https:\/\/conversamarketing.com.br\/forbim\/\",\"logo\":{\"@type\":\"ImageObject\",\"inLanguage\":\"pt-BR\",\"@id\":\"https:\/\/conversamarketing.com.br\/forbim\/#\/schema\/logo\/image\/\",\"url\":\"https:\/\/conversamarketing.com.br\/forbim\/wp-content\/uploads\/2024\/09\/cropped-LOGO-10-1.png\",\"contentUrl\":\"https:\/\/conversamarketing.com.br\/forbim\/wp-content\/uploads\/2024\/09\/cropped-LOGO-10-1.png\",\"width\":605,\"height\":521,\"caption\":\"FORBIM\"},\"image\":{\"@id\":\"https:\/\/conversamarketing.com.br\/forbim\/#\/schema\/logo\/image\/\"}}]}<\/script>\n<!-- \/ Yoast SEO plugin. -->","yoast_head_json":{"title":"Servi\u00e7os - FORBIM","robots":{"index":"index","follow":"follow","max-snippet":"max-snippet:-1","max-image-preview":"max-image-preview:large","max-video-preview":"max-video-preview:-1"},"canonical":"https:\/\/conversamarketing.com.br\/forbim\/servicos\/","og_locale":"pt_BR","og_type":"article","og_title":"Servi\u00e7os - FORBIM","og_description":"Solu\u00e7\u00f5es Inteligentes para o Seu Neg\u00f3cio 1. Seguran\u00e7a e Confiabilidade: Backup criptografado na nuvem: Garanta a seguran\u00e7a dos seus dados com nosso sistema de backup criptografado na nuvem. Informa\u00e7\u00f5es de propriedade do cliente: Seus dados s\u00e3o seus! Mantenha o controle total das suas informa\u00e7\u00f5es. 2. Flexibilidade e Personaliza\u00e7\u00e3o: Sistema totalmente web: Acesse o sistema de [&hellip;]","og_url":"https:\/\/conversamarketing.com.br\/forbim\/servicos\/","og_site_name":"FORBIM","article_modified_time":"2024-09-27T17:23:18+00:00","og_image":[{"width":698,"height":269,"url":"https:\/\/conversamarketing.com.br\/forbim\/wp-content\/uploads\/2024\/09\/LOGO-1-1.png","type":"image\/png"}],"twitter_card":"summary_large_image","twitter_misc":{"Est. tempo de leitura":"3 minutos"},"schema":{"@context":"https:\/\/schema.org","@graph":[{"@type":"WebPage","@id":"https:\/\/conversamarketing.com.br\/forbim\/servicos\/","url":"https:\/\/conversamarketing.com.br\/forbim\/servicos\/","name":"Servi\u00e7os - FORBIM","isPartOf":{"@id":"https:\/\/conversamarketing.com.br\/forbim\/#website"},"primaryImageOfPage":{"@id":"https:\/\/conversamarketing.com.br\/forbim\/servicos\/#primaryimage"},"image":{"@id":"https:\/\/conversamarketing.com.br\/forbim\/servicos\/#primaryimage"},"thumbnailUrl":"https:\/\/conversamarketing.com.br\/forbim\/wp-content\/uploads\/2024\/09\/LOGO-1-1.png","datePublished":"2024-09-23T00:28:01+00:00","dateModified":"2024-09-27T17:23:18+00:00","breadcrumb":{"@id":"https:\/\/conversamarketing.com.br\/forbim\/servicos\/#breadcrumb"},"inLanguage":"pt-BR","potentialAction":[{"@type":"ReadAction","target":["https:\/\/conversamarketing.com.br\/forbim\/servicos\/"]}]},{"@type":"ImageObject","inLanguage":"pt-BR","@id":"https:\/\/conversamarketing.com.br\/forbim\/servicos\/#primaryimage","url":"https:\/\/conversamarketing.com.br\/forbim\/wp-content\/uploads\/2024\/09\/LOGO-1-1.png","contentUrl":"https:\/\/conversamarketing.com.br\/forbim\/wp-content\/uploads\/2024\/09\/LOGO-1-1.png","width":698,"height":269},{"@type":"BreadcrumbList","@id":"https:\/\/conversamarketing.com.br\/forbim\/servicos\/#breadcrumb","itemListElement":[{"@type":"ListItem","position":1,"name":"In\u00edcio","item":"https:\/\/conversamarketing.com.br\/forbim\/"},{"@type":"ListItem","position":2,"name":"Servi\u00e7os"}]},{"@type":"WebSite","@id":"https:\/\/conversamarketing.com.br\/forbim\/#website","url":"https:\/\/conversamarketing.com.br\/forbim\/","name":"FORBIM","description":"software de gest\u00e3o de vistorias e servi\u00e7os.","publisher":{"@id":"https:\/\/conversamarketing.com.br\/forbim\/#organization"},"potentialAction":[{"@type":"SearchAction","target":{"@type":"EntryPoint","urlTemplate":"https:\/\/conversamarketing.com.br\/forbim\/?s={search_term_string}"},"query-input":{"@type":"PropertyValueSpecification","valueRequired":true,"valueName":"search_term_string"}}],"inLanguage":"pt-BR"},{"@type":"Organization","@id":"https:\/\/conversamarketing.com.br\/forbim\/#organization","name":"FORBIM","url":"https:\/\/conversamarketing.com.br\/forbim\/","logo":{"@type":"ImageObject","inLanguage":"pt-BR","@id":"https:\/\/conversamarketing.com.br\/forbim\/#\/schema\/logo\/image\/","url":"https:\/\/conversamarketing.com.br\/forbim\/wp-content\/uploads\/2024\/09\/cropped-LOGO-10-1.png","contentUrl":"https:\/\/conversamarketing.com.br\/forbim\/wp-content\/uploads\/2024\/09\/cropped-LOGO-10-1.png","width":605,"height":521,"caption":"FORBIM"},"image":{"@id":"https:\/\/conversamarketing.com.br\/forbim\/#\/schema\/logo\/image\/"}}]}},"_links":{"self":[{"href":"https:\/\/conversamarketing.com.br\/forbim\/wp-json\/wp\/v2\/pages\/174"}],"collection":[{"href":"https:\/\/conversamarketing.com.br\/forbim\/wp-json\/wp\/v2\/pages"}],"about":[{"href":"https:\/\/conversamarketing.com.br\/forbim\/wp-json\/wp\/v2\/types\/page"}],"author":[{"embeddable":true,"href":"https:\/\/conversamarketing.com.br\/forbim\/wp-json\/wp\/v2\/users\/1"}],"replies":[{"embeddable":true,"href":"https:\/\/conversamarketing.com.br\/forbim\/wp-json\/wp\/v2\/comments?post=174"}],"version-history":[{"count":16,"href":"https:\/\/conversamarketing.com.br\/forbim\/wp-json\/wp\/v2\/pages\/174\/revisions"}],"predecessor-version":[{"id":302,"href":"https:\/\/conversamarketing.com.br\/forbim\/wp-json\/wp\/v2\/pages\/174\/revisions\/302"}],"wp:featuredmedia":[{"embeddable":true,"href":"https:\/\/conversamarketing.com.br\/forbim\/wp-json\/wp\/v2\/media\/113"}],"wp:attachment":[{"href":"https:\/\/conversamarketing.com.br\/forbim\/wp-json\/wp\/v2\/media?parent=174"}],"curies":[{"name":"wp","href":"https:\/\/api.w.org\/{rel}","templated":true}]}}